{"id":1635,"date":"2022-04-24T13:35:27","date_gmt":"2022-04-24T13:35:27","guid":{"rendered":"https:\/\/nukiz.org\/nukiz-presentation\/"},"modified":"2023-09-17T12:15:59","modified_gmt":"2023-09-17T12:15:59","slug":"nukiz-presentation","status":"publish","type":"page","link":"https:\/\/nukiz.org\/en\/nukiz-presentation\/","title":{"rendered":"NuKiz Presentation"},"content":{"rendered":"\n<style type=\"text\/css\" data-created_by=\"avia_inline_auto\" id=\"style-css-av-qjzvn-b950743a07fe4b22beae371e6e4708a5\">\n.avia-section.av-qjzvn-b950743a07fe4b22beae371e6e4708a5{\nbackground-repeat:no-repeat;\nbackground-image:url(https:\/\/nukiz.org\/wp-content\/uploads\/2022\/04\/FONDO_MADRID-2.png);\nbackground-position:50% 50%;\nbackground-attachment:scroll;\n}\n<\/style>\n<div id='av_section_1'  class='avia-section av-qjzvn-b950743a07fe4b22beae371e6e4708a5 main_color avia-section-default avia-no-border-styling  avia-builder-el-0  avia-builder-el-no-sibling  avia-full-stretch avia-bg-style-scroll container_wrap sidebar_right'  data-section-bg-repeat='stretch'><div class='container av-section-cont-open' ><main  role=\"main\" itemprop=\"mainContentOfPage\"  class='template-page content  av-content-small alpha units'><div class='post-entry post-entry-type-page post-entry-1635'><div class='entry-content-wrapper clearfix'>\n<div class='flex_column av-mdyn7-c443f3295cd7c0ccdf9d916f2acf0617 av_one_full  avia-builder-el-1  el_before_av_three_fifth  avia-builder-el-first  first flex_column_div '     ><style type=\"text\/css\" data-created_by=\"avia_inline_auto\" id=\"style-css-av-l2dbqc6d-421b50a720dfe07dfe71e15d9af0f368\">\n#top .av-special-heading.av-l2dbqc6d-421b50a720dfe07dfe71e15d9af0f368{\npadding-bottom:10px;\n}\nbody .av-special-heading.av-l2dbqc6d-421b50a720dfe07dfe71e15d9af0f368 .av-special-heading-tag .heading-char{\nfont-size:25px;\n}\n.av-special-heading.av-l2dbqc6d-421b50a720dfe07dfe71e15d9af0f368 .av-subheading{\nfont-size:15px;\n}\n<\/style>\n<div  class='av-special-heading av-l2dbqc6d-421b50a720dfe07dfe71e15d9af0f368 av-special-heading-h2 blockquote elegant-quote elegant-centered  avia-builder-el-2  avia-builder-el-no-sibling '><h2 class='av-special-heading-tag'  itemprop=\"headline\"  ><span class=\"heading-wrap\">NuKiz | Madrid Kizomba Revolution<\/span><\/h2><div class=\"special-heading-border\"><div class=\"special-heading-inner-border\"><\/div><\/div><\/div><\/div><div class='flex_column_table av-dt5cz-0b4711b745fd9cb8308636f7bc153809 sc-av_three_fifth av-equal-height-column-flextable'>\n<style type=\"text\/css\" data-created_by=\"avia_inline_auto\" id=\"style-css-av-dt5cz-0b4711b745fd9cb8308636f7bc153809\">\n.flex_column.av-dt5cz-0b4711b745fd9cb8308636f7bc153809{\nborder-width:5px;\nborder-style:groove;\n-webkit-border-radius:10px 10px 10px 10px;\n-moz-border-radius:10px 10px 10px 10px;\nborder-radius:10px 10px 10px 10px;\npadding:2% 2% 2% 2%;\nbackground-color:#191919;\n}\n<\/style>\n<div class='flex_column av-dt5cz-0b4711b745fd9cb8308636f7bc153809 av_three_fifth  avia-builder-el-3  el_after_av_one_full  el_before_av_two_fifth  first flex_column_table_cell av-equal-height-column av-align-top column-top-margin'     ><p>\n<style type=\"text\/css\" data-created_by=\"avia_inline_auto\" id=\"style-css-av-l2dbzezn-3d8d9c7cef3be585d11e1914f4f46aca\">\n#top .av-special-heading.av-l2dbzezn-3d8d9c7cef3be585d11e1914f4f46aca{\npadding-bottom:10px;\n}\nbody .av-special-heading.av-l2dbzezn-3d8d9c7cef3be585d11e1914f4f46aca .av-special-heading-tag .heading-char{\nfont-size:25px;\n}\n.av-special-heading.av-l2dbzezn-3d8d9c7cef3be585d11e1914f4f46aca .av-subheading{\nfont-size:15px;\n}\n<\/style>\n<div  class='av-special-heading av-l2dbzezn-3d8d9c7cef3be585d11e1914f4f46aca av-special-heading-h2  avia-builder-el-4  el_before_av_textblock  avia-builder-el-first '><h2 class='av-special-heading-tag'  itemprop=\"headline\"  >Who are we?  <\/h2><div class=\"special-heading-border\"><div class=\"special-heading-inner-border\"><\/div><\/div><\/div><br \/>\n<section  class='av_textblock_section av-l2dc06md-e698e599e6f8034713d3d403c842000a'  itemscope=\"itemscope\" itemtype=\"https:\/\/schema.org\/CreativeWork\" ><div class='avia_textblock'  itemprop=\"text\" ><p><strong>Seres humanos. <\/strong>Aclarado este punto, <strong>NuKiz<\/strong> est\u00e1 formado por personas que tienen experiencia en docencia, pedagog\u00eda, dinamizaci\u00f3n y otras pr\u00e1cticas relacionadas con la educaci\u00f3n. Sumando el bagaje de diferentes disciplinas musicales y de baile. NuKiz es tambi\u00e9n un proyecto colectivo de ense\u00f1anza y producci\u00f3n de eventos de Urban Kiz, Tarraxo &amp; Fusi\u00f3n con perspectiva de g\u00e9nero de <a href=\"https:\/\/culturapopular.org\">Cultura Popular<\/a>.<\/p>\n<\/div><\/section><br \/>\n\n<style type=\"text\/css\" data-created_by=\"avia_inline_auto\" id=\"style-css-av-l2dbzpwk-b21fff577759f9a62ecd813e7b77753d\">\n#top .av-special-heading.av-l2dbzpwk-b21fff577759f9a62ecd813e7b77753d{\npadding-bottom:10px;\n}\nbody .av-special-heading.av-l2dbzpwk-b21fff577759f9a62ecd813e7b77753d .av-special-heading-tag .heading-char{\nfont-size:25px;\n}\n.av-special-heading.av-l2dbzpwk-b21fff577759f9a62ecd813e7b77753d .av-subheading{\nfont-size:15px;\n}\n<\/style>\n<div  class='av-special-heading av-l2dbzpwk-b21fff577759f9a62ecd813e7b77753d av-special-heading-h2  avia-builder-el-6  el_after_av_textblock  el_before_av_textblock '><h2 class='av-special-heading-tag'  itemprop=\"headline\"  >What is our methodology?<\/h2><div class=\"special-heading-border\"><div class=\"special-heading-inner-border\"><\/div><\/div><\/div><br \/>\n<section  class='av_textblock_section av-l2dbpkac-c2c9cfd105546a17361f00719dcd6655'  itemscope=\"itemscope\" itemtype=\"https:\/\/schema.org\/CreativeWork\" ><div class='avia_textblock'  itemprop=\"text\" ><p>Our intention is not to have students reproduce memorized figures or steps to &#8220;throw up&#8221; on the dance floor after class and never use again. Instead, we seek to work the mind and body through music, enhance sensitivity, learn to generate tools to have resources and create their own steps and style.<\/p>\n<p>For us, this learning is achieved through play, touch, active participation, listening, group dynamics and in pairs, explaining events with basic physics concepts to generate real knowledge, giving a voice to everyone and prioritizing safety in the shared space to empower all parties.<\/p>\n<\/div><\/section><br \/>\n\n<style type=\"text\/css\" data-created_by=\"avia_inline_auto\" id=\"style-css-av-tkasr-fa5ca7c09c606c023905a2bd4b578076\">\n#top .av-special-heading.av-tkasr-fa5ca7c09c606c023905a2bd4b578076{\npadding-bottom:10px;\n}\nbody .av-special-heading.av-tkasr-fa5ca7c09c606c023905a2bd4b578076 .av-special-heading-tag .heading-char{\nfont-size:25px;\n}\n.av-special-heading.av-tkasr-fa5ca7c09c606c023905a2bd4b578076 .av-subheading{\nfont-size:15px;\n}\n<\/style>\n<div  class='av-special-heading av-tkasr-fa5ca7c09c606c023905a2bd4b578076 av-special-heading-h2  avia-builder-el-8  el_after_av_textblock  el_before_av_textblock '><h2 class='av-special-heading-tag'  itemprop=\"headline\"  >Philosophy<\/h2><div class=\"special-heading-border\"><div class=\"special-heading-inner-border\"><\/div><\/div><\/div><br \/>\n<section  class='av_textblock_section av-av_textblock-e878f05c31dff72941bf1e49a00d9ff5'  itemscope=\"itemscope\" itemtype=\"https:\/\/schema.org\/CreativeWork\" ><div class='avia_textblock'  itemprop=\"text\" ><h3>Our teachers<\/h3>\n<p>Between you and me, and this is a secret, don&#8217;t go telling it around&#8230; we are not the best dancers, nor do we pretend to be. We want each person to develop his or her <strong>personal and non-transferable style<\/strong>. We want to provide you with the necessary tools and technique so that you can develop and enjoy dancing kizomba fusing all its modern variants. We believe that intensive courses, combined with regular attendance at social dance events, are a good way to advance in this dance. At least, that&#8217;s what worked for us.<\/p>\n<\/div><\/section><br \/>\n<section  class='av_textblock_section av-av_textblock-e878f05c31dff72941bf1e49a00d9ff5'  itemscope=\"itemscope\" itemtype=\"https:\/\/schema.org\/CreativeWork\" ><div class='avia_textblock'  itemprop=\"text\" ><h3>Dancing well is dancing at ease<\/h3>\n<p>For us to dance well is to have fun, to make the person we dance with enjoy it as much as we do and, above all, to be able to interpret the music and adapt our dance style to that of any other person. The fact that the figures look good with your usual dance partner of all your life is of no great merit. Having a dance with someone you&#8217;ve never danced with before and ending up with a nice feeling, yes it does and we want to help you achieve it.<\/p>\n<\/div><\/section><br \/>\n<section  class='av_textblock_section av-av_textblock-e878f05c31dff72941bf1e49a00d9ff5'  itemscope=\"itemscope\" itemtype=\"https:\/\/schema.org\/CreativeWork\" ><div class='avia_textblock'  itemprop=\"text\" ><h3>Choose your role freely<\/h3>\n<p>We celebrate diversity in all its forms and colors. We believe that your gender DOES NOT DEFINE YOUR IDENTITY and we make this clear from the very beginning. We understand that society in 2023 must be conscious, consequent and involved with all options and identities, leaving aside the dynamics where the girls waited in the town square sitting for a man to ask them to dance, as part of a courtship ceremony. These are exciting stories, but more from our grandmothers&#8217; and grandfathers&#8217; generation.<\/p>\n<\/div><\/section><br \/>\n<section  class='av_textblock_section av-av_textblock-e878f05c31dff72941bf1e49a00d9ff5'  itemscope=\"itemscope\" itemtype=\"https:\/\/schema.org\/CreativeWork\" ><div class='avia_textblock'  itemprop=\"text\" ><h3>Creating an inclusive dance scene<\/h3>\n<p>We are generating a scene adapted to the year in which we live, where coming to class as a woman, man, gender neutral, blue, brown or purple, makes you feel safe, you can show yourself vulnerable, with doubts, make decisions and not have to spend the class listening to how they teach the leader while the follower waits for them to make moves, or break his shoulder, as a result of the absence of tact or care that we should have the people who guide the teaching-learning process. We would love to generate a nice dance scene in Madrid (and wherever it arises). Attending to the diversity of gender, but also of age, socio-cultural, origin and level of dance. If we are not able to dance with anyone, we are not good dancers.<\/p>\n<\/div><\/section><br \/>\n<section  class='av_textblock_section av-av_textblock-e878f05c31dff72941bf1e49a00d9ff5'  itemscope=\"itemscope\" itemtype=\"https:\/\/schema.org\/CreativeWork\" ><div class='avia_textblock'  itemprop=\"text\" ><h3>Safe Spaces<\/h3>\n<p>We want to do it in ESPACIO SEGUROS. We are tired of the fact that many dance schools continue to reproduce ancestral roles such as machismo, inequality, condescension, and teacher superiority. This implies that, in our workshops and events, we ask at the slightest doubt if the other person is comfortable dancing, we change dance partners frequently, we ask to dance regardless of our role, we respect the other person&#8217;s personal space by adapting our connection (embrace, semi-open, open, etc) and watching our body posture.  <strong>And finally, only Yes is Yes, and NO or silence is always NO.<\/strong><\/p>\n<\/div><\/section><br \/>\n<section  class='av_textblock_section av-av_textblock-e878f05c31dff72941bf1e49a00d9ff5'  itemscope=\"itemscope\" itemtype=\"https:\/\/schema.org\/CreativeWork\" ><div class='avia_textblock'  itemprop=\"text\" ><h3>Give me oxytocin<\/h3>\n<p>Kizomba is a dance that requires you to feel safe because of the connection it requires, as it is usually danced quite close or in an embrace (with prior consent). So leaving the prejudices and roles of life and work outside of school will allow you to grow as a person, learn new skills and enjoy a dance that offers multiple benefits because with it, our brain generates endorphins, dopamine and oxytocin (a blast).<\/p>\n<\/div><\/section><\/p><\/div><div class='av-flex-placeholder'><\/div>\n<style type=\"text\/css\" data-created_by=\"avia_inline_auto\" id=\"style-css-av-7gwjf-edf2ece453254ab8e24ae3f4186f0250\">\n.flex_column.av-7gwjf-edf2ece453254ab8e24ae3f4186f0250{\nborder-width:5px;\nborder-style:groove;\n-webkit-border-radius:10px 10px 10px 10px;\n-moz-border-radius:10px 10px 10px 10px;\nborder-radius:10px 10px 10px 10px;\npadding:2% 2% 2% 2%;\nbackground-color:#191919;\n}\n<\/style>\n<div class='flex_column av-7gwjf-edf2ece453254ab8e24ae3f4186f0250 av_two_fifth  avia-builder-el-15  el_after_av_three_fifth  avia-builder-el-last  flex_column_table_cell av-equal-height-column av-align-top column-top-margin'     ><p>\n<style type=\"text\/css\" data-created_by=\"avia_inline_auto\" id=\"style-css-av-l2dbsia8-a30b332f3a9634160d4c2f73e8f013b3\">\n.avia-image-container.av-l2dbsia8-a30b332f3a9634160d4c2f73e8f013b3 img.avia_image{\nbox-shadow:none;\n}\n.avia-image-container.av-l2dbsia8-a30b332f3a9634160d4c2f73e8f013b3 .av-image-caption-overlay-center{\ncolor:#ffffff;\n}\n<\/style>\n<div  class='avia-image-container av-l2dbsia8-a30b332f3a9634160d4c2f73e8f013b3 av-styling- avia-align-center  avia-builder-el-16  el_before_av_hr  avia-builder-el-first '   itemprop=\"image\" itemscope=\"itemscope\" itemtype=\"https:\/\/schema.org\/ImageObject\" ><div class=\"avia-image-container-inner\"><div class=\"avia-image-overlay-wrap\"><img decoding=\"async\" class='wp-image-1497 avia-img-lazy-loading-not-1497 avia_image ' src=\"https:\/\/nukiz.org\/wp-content\/uploads\/2022\/04\/logo_wass.png\" alt='' title='nukiz logo'  height=\"250\" width=\"250\"  itemprop=\"thumbnailUrl\" srcset=\"https:\/\/nukiz.org\/wp-content\/uploads\/2022\/04\/logo_wass.png 250w, https:\/\/nukiz.org\/wp-content\/uploads\/2022\/04\/logo_wass-80x80.png 80w, https:\/\/nukiz.org\/wp-content\/uploads\/2022\/04\/logo_wass-36x36.png 36w, https:\/\/nukiz.org\/wp-content\/uploads\/2022\/04\/logo_wass-180x180.png 180w\" sizes=\"(max-width: 250px) 100vw, 250px\" \/><\/div><\/div><\/div><br \/>\n<div  class='hr av-l2dc0imr-827b3d072159781de85df94bf2f03e47 hr-short  avia-builder-el-17  el_after_av_image  el_before_av_button_big  avia-builder-el-last  hr-center'><span class='hr-inner '><span class=\"hr-inner-style\"><\/span><\/span><\/div><br \/>\n<div  class='avia-button-wrap avia-button-center  avia-builder-el-18  el_after_av_hr  el_before_av_hr '>\n<style type=\"text\/css\" data-created_by=\"avia_inline_auto\" id=\"style-css-av-l2dd146w-9ec9ccb1550c680b1912dd766cca9e4d\">\n#top #wrap_all .avia-button.av-l2dd146w-9ec9ccb1550c680b1912dd766cca9e4d:hover{\ncolor:white;\n-webkit-transition:all 0.4s ease-in-out;\n-moz-transition:all 0.4s ease-in-out;\n-ms-transition:all 0.4s ease-in-out;\n-o-transition:all 0.4s ease-in-out;\ntransition:all 0.4s ease-in-out;\n}\n<\/style>\n<a href='https:\/\/nukiz.org\/en\/intensive-kizomba-urban-kiz-and-tarraxo-courses-and-workshops-in-madrid\/' class='avia-color-theme-color avia-font-color-theme-color avia-button avia-button-fullwidth av-l2dd146w-9ec9ccb1550c680b1912dd766cca9e4d avia-icon_select-no avia-color-theme-color'  ><span class='avia_iconbox_title' >INTENSIVE COURSES<\/span><span class='avia_button_background avia-button avia-button-fullwidth avia-color-theme-color-highlight'><\/span><\/a><\/div><br \/>\n<div  class='hr av-9lw57-131d1495375baa0618562f8432ee4cbf hr-short  avia-builder-el-19  el_after_av_button_big  el_before_av_button_big  avia-builder-el-no-sibling  hr-center'><span class='hr-inner '><span class=\"hr-inner-style\"><\/span><\/span><\/div><br \/>\n<div  class='avia-button-wrap avia-button-center  avia-builder-el-20  el_after_av_hr  avia-builder-el-last '>\n<style type=\"text\/css\" data-created_by=\"avia_inline_auto\" id=\"style-css-av-l2dc0w4f-cb1046c1bad2c09fbc1130807e538301\">\n#top #wrap_all .avia-button.av-l2dc0w4f-cb1046c1bad2c09fbc1130807e538301:hover{\ncolor:white;\n-webkit-transition:all 0.4s ease-in-out;\n-moz-transition:all 0.4s ease-in-out;\n-ms-transition:all 0.4s ease-in-out;\n-o-transition:all 0.4s ease-in-out;\ntransition:all 0.4s ease-in-out;\n}\n<\/style>\n<a href='https:\/\/nukiz.org\/en\/regular-kizomba-lessons\/' class='avia-color-theme-color avia-font-color-theme-color avia-button avia-button-fullwidth av-l2dc0w4f-cb1046c1bad2c09fbc1130807e538301 avia-icon_select-no avia-color-theme-color'  ><span class='avia_iconbox_title' >REGULAR CLASSES<\/span><span class='avia_button_background avia-button avia-button-fullwidth avia-color-theme-color-highlight'><\/span><\/a><\/div><\/p><\/div><\/div><!--close column table wrapper. Autoclose: 1 --><\/div><\/div><\/main><!-- close content main element --><\/div><\/div><div id='after_section_1'  class='main_color av_default_container_wrap container_wrap sidebar_right'  ><div class='container av-section-cont-open' ><div class='template-page content  av-content-small alpha units'><div class='post-entry post-entry-type-page post-entry-1635'><div class='entry-content-wrapper clearfix'>\n","protected":false},"excerpt":{"rendered":"","protected":false},"author":1,"featured_media":1497,"parent":0,"menu_order":0,"comment_status":"closed","ping_status":"closed","template":"","meta":{"_price":"","_stock":"","_tribe_ticket_header":"","_tribe_default_ticket_provider":"","_tribe_ticket_capacity":"0","_ticket_start_date":"","_ticket_end_date":"","_tribe_ticket_show_description":"","_tribe_ticket_show_not_going":false,"_tribe_ticket_use_global_stock":"","_tribe_ticket_global_stock_level":"","_global_stock_mode":"","_global_stock_cap":"","_tribe_rsvp_for_event":"","_tribe_ticket_going_count":"","_tribe_ticket_not_going_count":"","_tribe_tickets_list":"[]","_tribe_ticket_has_attendee_info_fields":false,"footnotes":"","_tec_slr_enabled":"","_tec_slr_layout":""},"class_list":["post-1635","page","type-page","status-publish","has-post-thumbnail","hentry"],"yoast_head":"<!-- This site is optimized with the Yoast SEO plugin v27.6 - https:\/\/yoast.com\/product\/yoast-seo-wordpress\/ -->\n<title>Presentation of NuKiz : Madrid Kizomba Revolution<\/title>\n<meta name=\"description\" content=\"NuKiz is a collective project of teaching and production of Urban Kiz &amp; Fusion events with a gender perspective.\" \/>\n<meta name=\"robots\" content=\"index, follow, max-snippet:-1, max-image-preview:large, max-video-preview:-1\" \/>\n<link rel=\"canonical\" href=\"https:\/\/nukiz.org\/en\/nukiz-presentation\/\" \/>\n<meta property=\"og:locale\" content=\"en_US\" \/>\n<meta property=\"og:type\" content=\"article\" \/>\n<meta property=\"og:title\" content=\"Presentation of NuKiz : Madrid Kizomba Revolution\" \/>\n<meta property=\"og:description\" content=\"NuKiz is a collective project of teaching and production of Urban Kiz &amp; Fusion events with a gender perspective.\" \/>\n<meta property=\"og:url\" content=\"https:\/\/nukiz.org\/en\/nukiz-presentation\/\" \/>\n<meta property=\"og:site_name\" content=\"NuKiz | Madrid Kizomba Revolution\" \/>\n<meta property=\"article:modified_time\" content=\"2023-09-17T12:15:59+00:00\" \/>\n<meta property=\"og:image\" content=\"https:\/\/nukiz.org\/wp-content\/uploads\/2022\/04\/logo_wass.png\" \/>\n\t<meta property=\"og:image:width\" content=\"250\" \/>\n\t<meta property=\"og:image:height\" content=\"250\" \/>\n\t<meta property=\"og:image:type\" content=\"image\/png\" \/>\n<meta name=\"twitter:card\" content=\"summary_large_image\" \/>\n<meta name=\"twitter:label1\" content=\"Est. reading time\" \/>\n\t<meta name=\"twitter:data1\" content=\"15 minutes\" \/>\n<script type=\"application\/ld+json\" class=\"yoast-schema-graph\">{\"@context\":\"https:\\\/\\\/schema.org\",\"@graph\":[{\"@type\":\"WebPage\",\"@id\":\"https:\\\/\\\/nukiz.org\\\/en\\\/nukiz-presentation\\\/\",\"url\":\"https:\\\/\\\/nukiz.org\\\/en\\\/nukiz-presentation\\\/\",\"name\":\"Presentation of NuKiz : Madrid Kizomba Revolution\",\"isPartOf\":{\"@id\":\"https:\\\/\\\/nukiz.org\\\/en\\\/#website\"},\"primaryImageOfPage\":{\"@id\":\"https:\\\/\\\/nukiz.org\\\/en\\\/nukiz-presentation\\\/#primaryimage\"},\"image\":{\"@id\":\"https:\\\/\\\/nukiz.org\\\/en\\\/nukiz-presentation\\\/#primaryimage\"},\"thumbnailUrl\":\"https:\\\/\\\/nukiz.org\\\/wp-content\\\/uploads\\\/2022\\\/04\\\/logo_wass.png\",\"datePublished\":\"2022-04-24T13:35:27+00:00\",\"dateModified\":\"2023-09-17T12:15:59+00:00\",\"description\":\"NuKiz is a collective project of teaching and production of Urban Kiz & Fusion events with a gender perspective.\",\"breadcrumb\":{\"@id\":\"https:\\\/\\\/nukiz.org\\\/en\\\/nukiz-presentation\\\/#breadcrumb\"},\"inLanguage\":\"en-US\",\"potentialAction\":[{\"@type\":\"ReadAction\",\"target\":[\"https:\\\/\\\/nukiz.org\\\/en\\\/nukiz-presentation\\\/\"]}]},{\"@type\":\"ImageObject\",\"inLanguage\":\"en-US\",\"@id\":\"https:\\\/\\\/nukiz.org\\\/en\\\/nukiz-presentation\\\/#primaryimage\",\"url\":\"https:\\\/\\\/nukiz.org\\\/wp-content\\\/uploads\\\/2022\\\/04\\\/logo_wass.png\",\"contentUrl\":\"https:\\\/\\\/nukiz.org\\\/wp-content\\\/uploads\\\/2022\\\/04\\\/logo_wass.png\",\"width\":250,\"height\":250},{\"@type\":\"BreadcrumbList\",\"@id\":\"https:\\\/\\\/nukiz.org\\\/en\\\/nukiz-presentation\\\/#breadcrumb\",\"itemListElement\":[{\"@type\":\"ListItem\",\"position\":1,\"name\":\"Portada\",\"item\":\"https:\\\/\\\/nukiz.org\\\/en\\\/nukiz-madrid-kizomba-revolution\\\/\"},{\"@type\":\"ListItem\",\"position\":2,\"name\":\"NuKiz Presentation\"}]},{\"@type\":\"WebSite\",\"@id\":\"https:\\\/\\\/nukiz.org\\\/en\\\/#website\",\"url\":\"https:\\\/\\\/nukiz.org\\\/en\\\/\",\"name\":\"NuKiz | Madrid Kizomba Revolution\",\"description\":\"Clases, intensivos, talleres y fiestas de urban kiz, tarraxo &amp; kizomba fusi\u00f3n en Madrid.\",\"publisher\":{\"@id\":\"https:\\\/\\\/nukiz.org\\\/en\\\/#organization\"},\"potentialAction\":[{\"@type\":\"SearchAction\",\"target\":{\"@type\":\"EntryPoint\",\"urlTemplate\":\"https:\\\/\\\/nukiz.org\\\/en\\\/?s={search_term_string}\"},\"query-input\":{\"@type\":\"PropertyValueSpecification\",\"valueRequired\":true,\"valueName\":\"search_term_string\"}}],\"inLanguage\":\"en-US\"},{\"@type\":\"Organization\",\"@id\":\"https:\\\/\\\/nukiz.org\\\/en\\\/#organization\",\"name\":\"NuKiz - Madrid Urban Kiz & Fusion Collective\",\"url\":\"https:\\\/\\\/nukiz.org\\\/en\\\/\",\"logo\":{\"@type\":\"ImageObject\",\"inLanguage\":\"en-US\",\"@id\":\"https:\\\/\\\/nukiz.org\\\/en\\\/#\\\/schema\\\/logo\\\/image\\\/\",\"url\":\"https:\\\/\\\/nukiz.org\\\/wp-content\\\/uploads\\\/2022\\\/04\\\/logo_wass.png\",\"contentUrl\":\"https:\\\/\\\/nukiz.org\\\/wp-content\\\/uploads\\\/2022\\\/04\\\/logo_wass.png\",\"width\":250,\"height\":250,\"caption\":\"NuKiz - Madrid Urban Kiz & Fusion Collective\"},\"image\":{\"@id\":\"https:\\\/\\\/nukiz.org\\\/en\\\/#\\\/schema\\\/logo\\\/image\\\/\"}}]}<\/script>\n<!-- \/ Yoast SEO plugin. -->","yoast_head_json":{"title":"Presentation of NuKiz : Madrid Kizomba Revolution","description":"NuKiz is a collective project of teaching and production of Urban Kiz & Fusion events with a gender perspective.","robots":{"index":"index","follow":"follow","max-snippet":"max-snippet:-1","max-image-preview":"max-image-preview:large","max-video-preview":"max-video-preview:-1"},"canonical":"https:\/\/nukiz.org\/en\/nukiz-presentation\/","og_locale":"en_US","og_type":"article","og_title":"Presentation of NuKiz : Madrid Kizomba Revolution","og_description":"NuKiz is a collective project of teaching and production of Urban Kiz & Fusion events with a gender perspective.","og_url":"https:\/\/nukiz.org\/en\/nukiz-presentation\/","og_site_name":"NuKiz | Madrid Kizomba Revolution","article_modified_time":"2023-09-17T12:15:59+00:00","og_image":[{"width":250,"height":250,"url":"https:\/\/nukiz.org\/wp-content\/uploads\/2022\/04\/logo_wass.png","type":"image\/png"}],"twitter_card":"summary_large_image","twitter_misc":{"Est. reading time":"15 minutes"},"schema":{"@context":"https:\/\/schema.org","@graph":[{"@type":"WebPage","@id":"https:\/\/nukiz.org\/en\/nukiz-presentation\/","url":"https:\/\/nukiz.org\/en\/nukiz-presentation\/","name":"Presentation of NuKiz : Madrid Kizomba Revolution","isPartOf":{"@id":"https:\/\/nukiz.org\/en\/#website"},"primaryImageOfPage":{"@id":"https:\/\/nukiz.org\/en\/nukiz-presentation\/#primaryimage"},"image":{"@id":"https:\/\/nukiz.org\/en\/nukiz-presentation\/#primaryimage"},"thumbnailUrl":"https:\/\/nukiz.org\/wp-content\/uploads\/2022\/04\/logo_wass.png","datePublished":"2022-04-24T13:35:27+00:00","dateModified":"2023-09-17T12:15:59+00:00","description":"NuKiz is a collective project of teaching and production of Urban Kiz & Fusion events with a gender perspective.","breadcrumb":{"@id":"https:\/\/nukiz.org\/en\/nukiz-presentation\/#breadcrumb"},"inLanguage":"en-US","potentialAction":[{"@type":"ReadAction","target":["https:\/\/nukiz.org\/en\/nukiz-presentation\/"]}]},{"@type":"ImageObject","inLanguage":"en-US","@id":"https:\/\/nukiz.org\/en\/nukiz-presentation\/#primaryimage","url":"https:\/\/nukiz.org\/wp-content\/uploads\/2022\/04\/logo_wass.png","contentUrl":"https:\/\/nukiz.org\/wp-content\/uploads\/2022\/04\/logo_wass.png","width":250,"height":250},{"@type":"BreadcrumbList","@id":"https:\/\/nukiz.org\/en\/nukiz-presentation\/#breadcrumb","itemListElement":[{"@type":"ListItem","position":1,"name":"Portada","item":"https:\/\/nukiz.org\/en\/nukiz-madrid-kizomba-revolution\/"},{"@type":"ListItem","position":2,"name":"NuKiz Presentation"}]},{"@type":"WebSite","@id":"https:\/\/nukiz.org\/en\/#website","url":"https:\/\/nukiz.org\/en\/","name":"NuKiz | Madrid Kizomba Revolution","description":"Clases, intensivos, talleres y fiestas de urban kiz, tarraxo &amp; kizomba fusi\u00f3n en Madrid.","publisher":{"@id":"https:\/\/nukiz.org\/en\/#organization"},"potentialAction":[{"@type":"SearchAction","target":{"@type":"EntryPoint","urlTemplate":"https:\/\/nukiz.org\/en\/?s={search_term_string}"},"query-input":{"@type":"PropertyValueSpecification","valueRequired":true,"valueName":"search_term_string"}}],"inLanguage":"en-US"},{"@type":"Organization","@id":"https:\/\/nukiz.org\/en\/#organization","name":"NuKiz - Madrid Urban Kiz & Fusion Collective","url":"https:\/\/nukiz.org\/en\/","logo":{"@type":"ImageObject","inLanguage":"en-US","@id":"https:\/\/nukiz.org\/en\/#\/schema\/logo\/image\/","url":"https:\/\/nukiz.org\/wp-content\/uploads\/2022\/04\/logo_wass.png","contentUrl":"https:\/\/nukiz.org\/wp-content\/uploads\/2022\/04\/logo_wass.png","width":250,"height":250,"caption":"NuKiz - Madrid Urban Kiz & Fusion Collective"},"image":{"@id":"https:\/\/nukiz.org\/en\/#\/schema\/logo\/image\/"}}]}},"jetpack_sharing_enabled":true,"ticketed":false,"_links":{"self":[{"href":"https:\/\/nukiz.org\/en\/wp-json\/wp\/v2\/pages\/1635","targetHints":{"allow":["GET"]}}],"collection":[{"href":"https:\/\/nukiz.org\/en\/wp-json\/wp\/v2\/pages"}],"about":[{"href":"https:\/\/nukiz.org\/en\/wp-json\/wp\/v2\/types\/page"}],"author":[{"embeddable":true,"href":"https:\/\/nukiz.org\/en\/wp-json\/wp\/v2\/users\/1"}],"replies":[{"embeddable":true,"href":"https:\/\/nukiz.org\/en\/wp-json\/wp\/v2\/comments?post=1635"}],"version-history":[{"count":1,"href":"https:\/\/nukiz.org\/en\/wp-json\/wp\/v2\/pages\/1635\/revisions"}],"predecessor-version":[{"id":1639,"href":"https:\/\/nukiz.org\/en\/wp-json\/wp\/v2\/pages\/1635\/revisions\/1639"}],"wp:featuredmedia":[{"embeddable":true,"href":"https:\/\/nukiz.org\/en\/wp-json\/wp\/v2\/media\/1497"}],"wp:attachment":[{"href":"https:\/\/nukiz.org\/en\/wp-json\/wp\/v2\/media?parent=1635"}],"curies":[{"name":"wp","href":"https:\/\/api.w.org\/{rel}","templated":true}]}}